{"id":333,"date":"2022-08-27T22:04:44","date_gmt":"2022-08-27T19:04:44","guid":{"rendered":"https:\/\/finanzasalpha.com\/?page_id=333"},"modified":"2022-08-27T22:48:07","modified_gmt":"2022-08-27T19:48:07","slug":"acerca-de-nosotros","status":"publish","type":"page","link":"https:\/\/finanzasalpha.com\/?page_id=333","title":{"rendered":"Acerca de Nosotros"},"content":{"rendered":"\n<p><strong>FinanzasAlpha<\/strong> es un sitio de referencia en donde puedes encontrar los mejores consejos de eduacaci\u00f3n financiera. Nuestra meta es educar de manera gratuita a las personas para que puedan tomar decisiones financieras de manera razonable <strong>brindando a los lectores la confianza necesaria para mejorar su vida financiera. <\/strong><\/p>\n\n\n\n<p>Nuestros lectores son de diversas partes del mundo y con diverentes grados de educaci\u00f3n financiera. Algunos de nuestros lectores se quieren familiarizar con el dinero, estrateg\u00edas de ahorro e inversi\u00f3n, mientras que otros buscan estrategias adecuadas para salir de deudas. <\/p>\n\n\n\n<p>En Finanzas Alpha <strong>no importa la experiencia y el conocimiento que tengas, siempre encontraras informaci\u00f3n de gran ayuda<\/strong> y estamos siempre dispuestos a ayudar. <\/p>\n","protected":false},"excerpt":{"rendered":"<p>FinanzasAlpha es un sitio de referencia en donde puedes encontrar los mejores consejos de eduacaci\u00f3n financiera. Nuestra meta es educar de manera gratuita a las personas para que puedan tomar decisiones financieras de manera razonable brindando a los lectores la confianza necesaria para mejorar su vida financiera. Nuestros lectores son de diversas partes del mundo [&hellip;]<\/p>\n","protected":false},"author":1,"featured_media":0,"parent":0,"menu_order":0,"comment_status":"closed","ping_status":"closed","template":"","meta":{"om_disable_all_campaigns":false,"_monsterinsights_skip_tracking":false,"_monsterinsights_sitenote_active":false,"_monsterinsights_sitenote_note":"","_monsterinsights_sitenote_category":0,"footnotes":""},"class_list":["post-333","page","type-page","status-publish","hentry"],"_links":{"self":[{"href":"https:\/\/finanzasalpha.com\/index.php?rest_route=\/wp\/v2\/pages\/333","targetHints":{"allow":["GET"]}}],"collection":[{"href":"https:\/\/finanzasalpha.com\/index.php?rest_route=\/wp\/v2\/pages"}],"about":[{"href":"https:\/\/finanzasalpha.com\/index.php?rest_route=\/wp\/v2\/types\/page"}],"author":[{"embeddable":true,"href":"https:\/\/finanzasalpha.com\/index.php?rest_route=\/wp\/v2\/users\/1"}],"replies":[{"embeddable":true,"href":"https:\/\/finanzasalpha.com\/index.php?rest_route=%2Fwp%2Fv2%2Fcomments&post=333"}],"version-history":[{"count":3,"href":"https:\/\/finanzasalpha.com\/index.php?rest_route=\/wp\/v2\/pages\/333\/revisions"}],"predecessor-version":[{"id":356,"href":"https:\/\/finanzasalpha.com\/index.php?rest_route=\/wp\/v2\/pages\/333\/revisions\/356"}],"wp:attachment":[{"href":"https:\/\/finanzasalpha.com\/index.php?rest_route=%2Fwp%2Fv2%2Fmedia&parent=333"}],"curies":[{"name":"wp","href":"https:\/\/api.w.org\/{rel}","templated":true}]}}